{"id":578,"date":"2021-02-16T12:34:13","date_gmt":"2021-02-16T12:34:13","guid":{"rendered":"http:\/\/ddf.misterblue.es\/?page_id=578\/"},"modified":"2021-05-24T15:52:37","modified_gmt":"2021-05-24T15:52:37","slug":"productos","status":"publish","type":"page","link":"https:\/\/www.ddfluor.it\/es\/productos\/","title":{"rendered":"Productos"},"content":{"rendered":"<div class=\"wpb-content-wrapper\"><p>[vc_row full_width=\u00bbstretch_row\u00bb css=\u00bb.vc_custom_1613735832904{background-image: url(http:\/\/ddfluor.it\/wp-content\/uploads\/2021\/02\/cabecera_productos.jpg?id=716) !important;background-position: center !important;background-repeat: no-repeat !important;background-size: cover !important;}\u00bb el_class=\u00bbtitular\u00bb][vc_column][vc_column_text css=\u00bb.vc_custom_1621871533099{margin-bottom: 0px !important;padding-bottom: 20px !important;}\u00bb]Productos[\/vc_column_text][vc_column_text el_class=\u00bbbreadcrumb\u00bb]<span><span><a href=\"http:\/\/www.ddfluor.it\/es\/\">Home<\/a><\/span><\/span>[\/vc_column_text][\/vc_column][\/vc_row][vc_row][vc_column][vc_column_text]<div class=\"botones_slider\"><a class=\"revsiguiente\"><\/a><a class=\"revanterior\"><\/a><\/div><div class=\"caja_buscador\">\n\t<form method=\"post\" action=\"\/busqueda-por-temas\" id=\"buscador_1\">\n\t<div class=\"cajita\">\n\t\t<label>Nome del prodotto<\/label>\n\t\t<div class=\"cajon_select\">\n\t\t<select name=\"producto\" onchange=\"this.form.submit()\">\n\t\t\t<option value=\"\">Prodotto<\/option><option value='https:\/\/www.ddfluor.it\/es\/fluoruros-inorganicos\/acido-fluorhidrico-anhidro-hfa\/'>\u00c1cido Fluorh\u00eddrico Anhidro (HFA)<\/option><option value='https:\/\/www.ddfluor.it\/es\/fluoruros-inorganicos\/acido-fluorhidrico-acuoso-hf-20-75\/'>\u00c1cido Fluorh\u00eddrico Acuoso (HF) 20% &#8211; 75%<\/option><option value='https:\/\/www.ddfluor.it\/es\/fluoruros-inorganicos\/acido-fluorhidrico-de-alta-pureza\/'>\u00c1cido Fluorh\u00eddrico de Alta Pureza<\/option><option value='https:\/\/www.ddfluor.it\/es\/fluoruros-inorganicos\/acido-fluoroborico-hbf4\/'>\u00c1cido Fluorob\u00f3rico (HBF\u2084)<\/option><option value='https:\/\/www.ddfluor.it\/es\/fluoruros-inorganicos\/acido-fluorozirconico-h2zrf6\/'>\u00c1cido Fluorozirc\u00f3nico (H\u2082ZrF\u2086)<\/option><option value='https:\/\/www.ddfluor.it\/es\/fluoruros-inorganicos\/acido-fluorotitanico-h2tif6\/'>\u00c1cido Fluorotit\u00e1nico (H\u2082TiF\u2086)<\/option><option value='https:\/\/www.ddfluor.it\/es\/fluoruros-inorganicos\/acido-fluorosilicico-h2sif6\/'>\u00c1cido Fluorosil\u00edcico (H\u2082SiF\u2086)<\/option><option value='https:\/\/www.ddfluor.it\/es\/fluoruros-inorganicos\/bifluoruro-amonico-nh4hf2\/'>Bifluoruro Am\u00f3nico (NH\u2084HF\u2082)<\/option><option value='https:\/\/www.ddfluor.it\/es\/fluoruros-inorganicos\/polifluoruro-amonico\/'>Polifluoruro Am\u00f3nico<\/option><option value='https:\/\/www.ddfluor.it\/es\/fluoruros-inorganicos\/bifluoruro-sodico-nahf2\/'>Bifluoruro S\u00f3dico (NaHF\u2082)<\/option><option value='https:\/\/www.ddfluor.it\/es\/fluoruros-inorganicos\/fluoruro-de-aluminio-alf3\/'>Fluoruro de Aluminio (AlF\u2083)<\/option><option value='https:\/\/www.ddfluor.it\/es\/fluoruros-inorganicos\/fluoruro-calcico-seco\/'>Fluoruro C\u00e1lcico Seco<\/option><option value='https:\/\/www.ddfluor.it\/es\/fluoruros-inorganicos\/fluoruro-sodico-naf\/'>Fluoruro S\u00f3dico (NaF)<\/option><option value='https:\/\/www.ddfluor.it\/es\/fluoruros-inorganicos\/fluorosilicato-sodico-na2sif6\/'>Fluorosilicato S\u00f3dico (Na\u2082SiF\u2086)<\/option><option value='https:\/\/www.ddfluor.it\/es\/fluoruros-inorganicos\/fluoruro-potasico-kf\/'>Fluoruro Pot\u00e1sico (KF)<\/option><option value='https:\/\/www.ddfluor.it\/es\/fluoruros-inorganicos\/bifluoruro-potasico-khf2\/'>Bifluoruro Pot\u00e1sico (KHF\u2082)<\/option><option value='https:\/\/www.ddfluor.it\/es\/fluoruros-inorganicos\/fluoruro-de-magnesio-mgf2\/'>Fluoruro de Magnesio (MgF\u2082)<\/option><option value='https:\/\/www.ddfluor.it\/es\/fluoruros-inorganicos\/fluorosilicato-potasico-k2sif6\/'>Fluorosilicato Pot\u00e1sico (K\u2082SiF\u2086)<\/option><option value='https:\/\/www.ddfluor.it\/es\/fluoruros-inorganicos\/fluorosilicato-de-magnesio-mgsif6\/'>Fluorosilicato de Magnesio (MgSiF\u2086)<\/option><option value='https:\/\/www.ddfluor.it\/es\/fluoruros-inorganicos\/fluoroborato-potasico-kbf4\/'>Fluoroborato Pot\u00e1sico (KBF\u2084)<\/option><option value='https:\/\/www.ddfluor.it\/es\/fluoruros-inorganicos\/fluorozirconato-potasico-k2zrf6\/'>Fluorozirconato Pot\u00e1sico (K\u2082ZrF\u2086)<\/option><option value='https:\/\/www.ddfluor.it\/es\/fluoruros-inorganicos\/fluorotitanato-potasico-k2tif6\/'>Fluorotitanato Pot\u00e1sico (K\u2082TiF\u2086)<\/option><option value='https:\/\/www.ddfluor.it\/es\/fluoruros-inorganicos\/fluoroborato-sodico-nabf4\/'>Fluoroborato S\u00f3dico (NaBF\u2084)<\/option><option value='https:\/\/www.ddfluor.it\/es\/fluoruros-inorganicos\/fluoroaluminato-potasico-kalf4\/'>Fluoroaluminato Pot\u00e1sico (KAlF\u2084)<\/option><option value='https:\/\/www.ddfluor.it\/es\/fluoruros-inorganicos\/anhidrita-caso4\/'>Anhidrita (CaSO\u2084)<\/option><\/select><\/div>\n\t<\/div><\/form>\n\t<form method=\"post\" action=\"\/busqueda-por-aplicaciones\" id=\"buscador_2\">\n\t\n\t<div class=\"cajita\">\n\t\t<label>Applicazioni<\/label>\n\t\t<div class=\"cajon_select\">\n\t\t<select name=\"aplicacion\" onchange=\"this.form.submit()\">\n\t\t\t<option value=\"\">Applicazioni<\/option><option value='https:\/\/www.ddfluor.it\/es\/applicazioni\/surface-treatment\/'>Tratamiento de Superficies<\/option><option value='https:\/\/www.ddfluor.it\/es\/applicazioni\/semiconductores\/'>Semiconductores<\/option><option value='https:\/\/www.ddfluor.it\/es\/applicazioni\/industrial-chemical-cleaning\/'>Limpieza Qu\u00edmica Industrial<\/option><option value='https:\/\/www.ddfluor.it\/es\/applicazioni\/alquilacion-de-petroleo\/'>Alquilaci\u00f3n de Petr\u00f3leo<\/option><option value='https:\/\/www.ddfluor.it\/es\/applicazioni\/stainless-steel-pickling\/'>Decapado de Acero Inoxidable<\/option><option value='https:\/\/www.ddfluor.it\/es\/applicazioni\/refrigeration-polymers\/'>Refrigeraci\u00f3n y Pol\u00edmeros<\/option><option value='https:\/\/www.ddfluor.it\/es\/applicazioni\/water-fluoridation\/'>Fluoraci\u00f3n de Aguas<\/option><option value='https:\/\/www.ddfluor.it\/es\/applicazioni\/aluminium\/'>Aluminio<\/option><option value='https:\/\/www.ddfluor.it\/es\/applicazioni\/pharma-agrochemicals\/'>Farma &#038; Agroqu\u00edmicos<\/option><option value='https:\/\/www.ddfluor.it\/es\/applicazioni\/welding-rods\/'>Electrodos de Soldadura<\/option><option value='https:\/\/www.ddfluor.it\/es\/applicazioni\/glass\/'>Vidrio<\/option><option value='https:\/\/www.ddfluor.it\/es\/applicazioni\/mineral-processing\/'>Procesamiento de Minerales<\/option><option value='https:\/\/www.ddfluor.it\/es\/applicazioni\/refinadores-de-grano-al-y-aleaciones-madre\/'>Refinadores de grano (Al) y aleaciones madre<\/option><option value='https:\/\/www.ddfluor.it\/es\/applicazioni\/construction-materials\/'>Materiales de Construcci\u00f3n<\/option><option value='https:\/\/www.ddfluor.it\/es\/applicazioni\/chemical-distribution\/'>Distribuci\u00f3n de Productos Qu\u00edmicos<\/option><\/select><\/div>\n\t<\/div>\n\t<!--<div class=\"cajita_buscar\">\n\t\t<input type=\"submit\" value=\"search\"\/>\n\t<\/div>-->\n\t<\/form>\n\t<form method=\"post\" action=\"\/search\" id=\"buscador_3\">\n\t<h3>Inserisci un termine di ricerca<\/h3>\n\t<div class=\"cajita_larga\">\n\t<input type=\"text\" name=\"busqueda\" placeholder=\"Cosa stai cercando?\"\/>\n\t<\/div>\n\t<!--<div class=\"cajita_buscar\">\n\t\t<input type=\"submit\" value=\"\"\/>\n\t<\/div>-->\n\t<div class=\"cajita_buscar\">\n\t\t<input type=\"submit\" value=\"ricerca\"\/>\n\t<\/div>\n\t<\/form>\n\t<\/div>[\/vc_column_text][\/vc_column][\/vc_row][vc_row gap=\u00bb35&#8243; equal_height=\u00bbyes\u00bb css=\u00bb.vc_custom_1612880198321{padding-top: 100px !important;}\u00bb el_class=\u00bbparrafada productos_textos\u00bb][vc_column width=\u00bb1\/2&#8243;][vc_single_image image=\u00bb129&#8243; img_size=\u00bblarge\u00bb el_id=\u00bbproductos_textos_fuera\u00bb][vc_single_image image=\u00bb130&#8243; img_size=\u00bblarge\u00bb][\/vc_column][vc_column width=\u00bb1\/2&#8243;][vc_column_text]<\/p>\n<h2>PRODUCTOS<\/h2>\n<p>En DDF utilizamos tecnolog\u00eda de vanguardia en nuestros procesos productivos, para la fabricaci\u00f3n de una amplia gama de fluoruros inorg\u00e1nicos de alta calidad.<br \/>\nCon nuestro trabajo avanzado de I+D conseguimos nuevas soluciones sostenibles, para alcanzar las necesidades de nuestros clientes.<br \/>\nTrabajamos con los m\u00e1s altos est\u00e1ndares de calidad, con el fin de cumplir con los par\u00e1metros que demandan los sectores de semiconductores y automoci\u00f3n.<br \/>\nNuestro Sistema de Gesti\u00f3n de Calidad est\u00e1 certificado de acuerdo con la norma ISO-9001:2015 (disponible para descargar <a href=\"http:\/\/ddfluor.it\/wp-content\/uploads\/2021\/03\/iso9001-spa.pdf\" target=\"_blank\" rel=\"noopener\">aqu\u00ed<\/a>).[\/vc_column_text][vc_column_text el_class=\u00bbboton_pagina\u00bb css=\u00bb.vc_custom_1616776731573{margin-top: 150px !important;}\u00bb]<a class=\"saco_catalogo\" target=\"_blank\" rel=\"noopener\">Descarga Cat\u00e1logo<\/a>[\/vc_column_text][vc_column_text]Nuestros productos son utilizados en una amplia gama de diferentes aplicaciones:[\/vc_column_text][\/vc_column][\/vc_row][vc_row][vc_column][vc_column_text]<ul class='listado_productos'><li><a href='https:\/\/www.ddfluor.it\/es\/fluoruros-inorganicos\/acido-fluorhidrico-anhidro-hfa\/'><h5>\u00c1cido Fluorh\u00eddrico Anhidro (HFA)<\/h5><span class='botoncito'><\/span><\/a><\/li><li><a href='https:\/\/www.ddfluor.it\/es\/fluoruros-inorganicos\/acido-fluorhidrico-acuoso-hf-20-75\/'><h5>\u00c1cido Fluorh\u00eddrico Acuoso (HF) 20% &#8211; 75%<\/h5><span class='botoncito'><\/span><\/a><\/li><li><a href='https:\/\/www.ddfluor.it\/es\/fluoruros-inorganicos\/acido-fluorhidrico-de-alta-pureza\/'><h5>\u00c1cido Fluorh\u00eddrico de Alta Pureza<\/h5><span class='botoncito'><\/span><\/a><\/li><li><a href='https:\/\/www.ddfluor.it\/es\/fluoruros-inorganicos\/acido-fluoroborico-hbf4\/'><h5>\u00c1cido Fluorob\u00f3rico (HBF<sub>4<\/sub>)<\/h5><span class='botoncito'><\/span><\/a><\/li><li><a href='https:\/\/www.ddfluor.it\/es\/fluoruros-inorganicos\/acido-fluorozirconico-h2zrf6\/'><h5>\u00c1cido Fluorozirc\u00f3nico (H<sub>2<\/sub>ZrF<sub>6<\/sub>)<\/h5><span class='botoncito'><\/span><\/a><\/li><li><a href='https:\/\/www.ddfluor.it\/es\/fluoruros-inorganicos\/acido-fluorotitanico-h2tif6\/'><h5>\u00c1cido Fluorotit\u00e1nico (H<sub>2<\/sub>TiF<sub>6<\/sub>) <\/h5><span class='botoncito'><\/span><\/a><\/li><li><a href='https:\/\/www.ddfluor.it\/es\/fluoruros-inorganicos\/acido-fluorosilicico-h2sif6\/'><h5>\u00c1cido Fluorosil\u00edcico (H<sub>2<\/sub>SiF<sub>6<\/sub>)<\/h5><span class='botoncito'><\/span><\/a><\/li><li><a href='https:\/\/www.ddfluor.it\/es\/fluoruros-inorganicos\/bifluoruro-amonico-nh4hf2\/'><h5>Bifluoruro Am\u00f3nico (NH<sub>4<\/sub>HF<sub>2<\/sub>)<\/h5><span class='botoncito'><\/span><\/a><\/li><li><a href='https:\/\/www.ddfluor.it\/es\/fluoruros-inorganicos\/polifluoruro-amonico\/'><h5>Polifluoruro Am\u00f3nico<\/h5><span class='botoncito'><\/span><\/a><\/li><li><a href='https:\/\/www.ddfluor.it\/es\/fluoruros-inorganicos\/bifluoruro-sodico-nahf2\/'><h5>Bifluoruro S\u00f3dico (NaHF<sub>2<\/sub>)<\/h5><span class='botoncito'><\/span><\/a><\/li><li><a href='https:\/\/www.ddfluor.it\/es\/fluoruros-inorganicos\/fluoruro-de-aluminio-alf3\/'><h5>Fluoruro de Aluminio (AlF<sub>3<\/sub>)<\/h5><span class='botoncito'><\/span><\/a><\/li><li><a href='https:\/\/www.ddfluor.it\/es\/fluoruros-inorganicos\/fluoruro-calcico-seco\/'><h5>Fluoruro C\u00e1lcico Seco<\/h5><span class='botoncito'><\/span><\/a><\/li><li><a href='https:\/\/www.ddfluor.it\/es\/fluoruros-inorganicos\/fluoruro-sodico-naf\/'><h5>Fluoruro S\u00f3dico (NaF)<\/h5><span class='botoncito'><\/span><\/a><\/li><li><a href='https:\/\/www.ddfluor.it\/es\/fluoruros-inorganicos\/fluorosilicato-sodico-na2sif6\/'><h5>Fluorosilicato S\u00f3dico (Na<sub>2<\/sub>SiF<sub>6<\/sub>)<\/h5><span class='botoncito'><\/span><\/a><\/li><li><a href='https:\/\/www.ddfluor.it\/es\/fluoruros-inorganicos\/fluoruro-potasico-kf\/'><h5>Fluoruro Pot\u00e1sico (KF)<\/h5><span class='botoncito'><\/span><\/a><\/li><li><a href='https:\/\/www.ddfluor.it\/es\/fluoruros-inorganicos\/bifluoruro-potasico-khf2\/'><h5>Bifluoruro Pot\u00e1sico (KHF<sub>2<\/sub>)<\/h5><span class='botoncito'><\/span><\/a><\/li><li><a href='https:\/\/www.ddfluor.it\/es\/fluoruros-inorganicos\/fluoruro-de-magnesio-mgf2\/'><h5>Fluoruro de Magnesio (MgF<sub>2<\/sub>)<\/h5><span class='botoncito'><\/span><\/a><\/li><li><a href='https:\/\/www.ddfluor.it\/es\/fluoruros-inorganicos\/fluorosilicato-potasico-k2sif6\/'><h5>Fluorosilicato Pot\u00e1sico (K<sub>2<\/sub>SiF<sub>6<\/sub>)<\/h5><span class='botoncito'><\/span><\/a><\/li><li><a href='https:\/\/www.ddfluor.it\/es\/fluoruros-inorganicos\/fluorosilicato-de-magnesio-mgsif6\/'><h5>Fluorosilicato de Magnesio (MgSiF<sub>6<\/sub>)<\/h5><span class='botoncito'><\/span><\/a><\/li><li><a href='https:\/\/www.ddfluor.it\/es\/fluoruros-inorganicos\/fluoroborato-potasico-kbf4\/'><h5>Fluoroborato Pot\u00e1sico (KBF<sub>4<\/sub>)<\/h5><span class='botoncito'><\/span><\/a><\/li><li><a href='https:\/\/www.ddfluor.it\/es\/fluoruros-inorganicos\/fluorozirconato-potasico-k2zrf6\/'><h5>Fluorozirconato Pot\u00e1sico (K<sub>2<\/sub>ZrF<sub>6<\/sub>)<\/h5><span class='botoncito'><\/span><\/a><\/li><li><a href='https:\/\/www.ddfluor.it\/es\/fluoruros-inorganicos\/fluorotitanato-potasico-k2tif6\/'><h5>Fluorotitanato Pot\u00e1sico (K<sub>2<\/sub>TiF<sub>6<\/sub>)<\/h5><span class='botoncito'><\/span><\/a><\/li><li><a href='https:\/\/www.ddfluor.it\/es\/fluoruros-inorganicos\/fluoroborato-sodico-nabf4\/'><h5>Fluoroborato S\u00f3dico (NaBF<sub>4<\/sub>)<\/h5><span class='botoncito'><\/span><\/a><\/li><li><a href='https:\/\/www.ddfluor.it\/es\/fluoruros-inorganicos\/fluoroaluminato-potasico-kalf4\/'><h5>Fluoroaluminato Pot\u00e1sico (KAlF<sub>4<\/sub>)<\/h5><span class='botoncito'><\/span><\/a><\/li><li><a href='https:\/\/www.ddfluor.it\/es\/fluoruros-inorganicos\/anhidrita-caso4\/'><h5>Anhidrita (CaSO<sub>4<\/sub>) <\/h5><span class='botoncito'><\/span><\/a><\/li><\/ul>[\/vc_column_text][\/vc_column][\/vc_row][vc_row full_width=\u00bbstretch_row\u00bb css=\u00bb.vc_custom_1612880658897{background-color: #f8f8f8 !important;}\u00bb el_class=\u00bbaboutus_productos\u00bb][vc_column width=\u00bb2\/3&#8243; el_class=\u00bbparrafada\u00bb css=\u00bb.vc_custom_1603321013706{padding-top: 60px !important;padding-right: 30px !important;padding-bottom: 20px !important;}\u00bb][vc_column_text]<\/p>\n<h2>NOSOTROS<\/h2>\n<h3>La Seguridad es un valor fundamental para DDF y cumplimos con el compromiso de dar prioridad absoluta a la seguridad en todo lo que hacemos<\/h3>\n<p>DDF promueve continuamente esta cultura de seguridad entre sus accionistas y empleados y nuestro equipo t\u00e9cnico especialmente formado ofrece a nuestros clientes talleres de formaci\u00f3n y asesoramiento en sus instalaciones.<br \/>\nMonitorizamos proactivamente nuestros procesos y evaluamos cualquier riesgo potencial, trabajando continuamente para optimizar nuestros procedimientos de seguridad.[\/vc_column_text][vc_column_text el_class=\u00bbboton_pagina\u00bb css=\u00bb.vc_custom_1613478915487{margin-top: 150px !important;}\u00bb]<a href=\"#\">Nosotros<\/a>[\/vc_column_text][\/vc_column][vc_column width=\u00bb1\/3&#8243; css=\u00bb.vc_custom_1603320236311{margin-top: 0px !important;margin-right: 0px !important;margin-bottom: 0px !important;margin-left: 0px !important;padding-top: 0px !important;padding-right: 0px !important;padding-bottom: 0px !important;padding-left: 0px !important;background-position: center !important;background-repeat: no-repeat !important;background-size: cover !important;}\u00bb el_class=\u00bbimagen_rebasa_derecha\u00bb][vc_single_image image=\u00bb518&#8243; img_size=\u00bbfull\u00bb][\/vc_column][\/vc_row]<\/p>\n<\/div>","protected":false},"excerpt":{"rendered":"<p>[vc_row full_width=\u00bbstretch_row\u00bb css=\u00bb.vc_custom_1613735832904{background-image: url(http:\/\/ddfluor.it\/wp-content\/uploads\/2021\/02\/cabecera_productos.jpg?id=716) !important;background-position: center !important;background-repeat: no-repeat !important;background-size: cover !important;}\u00bb el_class=\u00bbtitular\u00bb][vc_column][vc_column_text css=\u00bb.vc_custom_1621871533099{margin-bottom: 0px !important;padding-bottom: 20px !important;}\u00bb]Productos[\/vc_column_text][vc_column_text el_class=\u00bbbreadcrumb\u00bb][\/vc_column_text][\/vc_column][\/vc_row][vc_row][vc_column][vc_column_text][\/vc_column_text][\/vc_column][\/vc_row][vc_row gap=\u00bb35&#8243; equal_height=\u00bbyes\u00bb css=\u00bb.vc_custom_1612880198321{padding-top: 100px !important;}\u00bb el_class=\u00bbparrafada productos_textos\u00bb][vc_column width=\u00bb1\/2&#8243;][vc_single_image image=\u00bb129&#8243; img_size=\u00bblarge\u00bb el_id=\u00bbproductos_textos_fuera\u00bb][vc_single_image image=\u00bb130&#8243; img_size=\u00bblarge\u00bb][\/vc_column][vc_column width=\u00bb1\/2&#8243;][vc_column_text] PRODUCTOS En DDF utilizamos tecnolog\u00eda de vanguardia en nuestros procesos productivos, para la fabricaci\u00f3n de una amplia gama de fluoruros inorg\u00e1nicos de alta [&hellip;]<\/p>\n","protected":false},"author":1,"featured_media":0,"parent":0,"menu_order":0,"comment_status":"closed","ping_status":"closed","template":"","meta":{"_acf_changed":false,"footnotes":""},"class_list":["post-578","page","type-page","status-publish","hentry"],"acf":[],"yoast_head":"<!-- This site is optimized with the Yoast SEO plugin v25.4 - https:\/\/yoast.com\/wordpress\/plugins\/seo\/ -->\n<title>Productos - DDF<\/title>\n<meta name=\"robots\" content=\"index, follow, max-snippet:-1, max-image-preview:large, max-video-preview:-1\" \/>\n<link rel=\"canonical\" href=\"https:\/\/www.ddfluor.it\/es\/productos\/\" \/>\n<meta property=\"og:locale\" content=\"es_ES\" \/>\n<meta property=\"og:type\" content=\"article\" \/>\n<meta property=\"og:title\" content=\"Productos - DDF\" \/>\n<meta property=\"og:description\" content=\"[vc_row full_width=\u00bbstretch_row\u00bb css=\u00bb.vc_custom_1613735832904{background-image: url(http:\/\/ddfluor.it\/wp-content\/uploads\/2021\/02\/cabecera_productos.jpg?id=716) !important;background-position: center !important;background-repeat: no-repeat !important;background-size: cover !important;}\u00bb el_class=\u00bbtitular\u00bb][vc_column][vc_column_text css=\u00bb.vc_custom_1621871533099{margin-bottom: 0px !important;padding-bottom: 20px !important;}\u00bb]Productos[\/vc_column_text][vc_column_text el_class=\u00bbbreadcrumb\u00bb][\/vc_column_text][\/vc_column][\/vc_row][vc_row][vc_column][vc_column_text][\/vc_column_text][\/vc_column][\/vc_row][vc_row gap=\u00bb35&#8243; equal_height=\u00bbyes\u00bb css=\u00bb.vc_custom_1612880198321{padding-top: 100px !important;}\u00bb el_class=\u00bbparrafada productos_textos\u00bb][vc_column width=\u00bb1\/2&#8243;][vc_single_image image=\u00bb129&#8243; img_size=\u00bblarge\u00bb el_id=\u00bbproductos_textos_fuera\u00bb][vc_single_image image=\u00bb130&#8243; img_size=\u00bblarge\u00bb][\/vc_column][vc_column width=\u00bb1\/2&#8243;][vc_column_text] PRODUCTOS En DDF utilizamos tecnolog\u00eda de vanguardia en nuestros procesos productivos, para la fabricaci\u00f3n de una amplia gama de fluoruros inorg\u00e1nicos de alta [&hellip;]\" \/>\n<meta property=\"og:url\" content=\"https:\/\/www.ddfluor.it\/es\/productos\/\" \/>\n<meta property=\"og:site_name\" content=\"DDF\" \/>\n<meta property=\"article:modified_time\" content=\"2021-05-24T15:52:37+00:00\" \/>\n<meta name=\"twitter:card\" content=\"summary_large_image\" \/>\n<meta name=\"twitter:label1\" content=\"Tiempo de lectura\" \/>\n\t<meta name=\"twitter:data1\" content=\"2 minutos\" \/>\n<script type=\"application\/ld+json\" class=\"yoast-schema-graph\">{\"@context\":\"https:\/\/schema.org\",\"@graph\":[{\"@type\":\"WebPage\",\"@id\":\"https:\/\/www.ddfluor.it\/es\/productos\/\",\"url\":\"https:\/\/www.ddfluor.it\/es\/productos\/\",\"name\":\"Productos - DDF\",\"isPartOf\":{\"@id\":\"https:\/\/www.ddfluor.it\/#website\"},\"datePublished\":\"2021-02-16T12:34:13+00:00\",\"dateModified\":\"2021-05-24T15:52:37+00:00\",\"breadcrumb\":{\"@id\":\"https:\/\/www.ddfluor.it\/es\/productos\/#breadcrumb\"},\"inLanguage\":\"es\",\"potentialAction\":[{\"@type\":\"ReadAction\",\"target\":[\"https:\/\/www.ddfluor.it\/es\/productos\/\"]}]},{\"@type\":\"BreadcrumbList\",\"@id\":\"https:\/\/www.ddfluor.it\/es\/productos\/#breadcrumb\",\"itemListElement\":[{\"@type\":\"ListItem\",\"position\":1,\"name\":\"Home\",\"item\":\"http:\/\/www.ddfluor.it\/es\/\"},{\"@type\":\"ListItem\",\"position\":2,\"name\":\"Productos\"}]},{\"@type\":\"WebSite\",\"@id\":\"https:\/\/www.ddfluor.it\/#website\",\"url\":\"https:\/\/www.ddfluor.it\/\",\"name\":\"DDF\",\"description\":\"Otro sitio realizado con WordPress\",\"potentialAction\":[{\"@type\":\"SearchAction\",\"target\":{\"@type\":\"EntryPoint\",\"urlTemplate\":\"https:\/\/www.ddfluor.it\/?s={search_term_string}\"},\"query-input\":{\"@type\":\"PropertyValueSpecification\",\"valueRequired\":true,\"valueName\":\"search_term_string\"}}],\"inLanguage\":\"es\"}]}<\/script>\n<!-- \/ Yoast SEO plugin. -->","yoast_head_json":{"title":"Productos - DDF","robots":{"index":"index","follow":"follow","max-snippet":"max-snippet:-1","max-image-preview":"max-image-preview:large","max-video-preview":"max-video-preview:-1"},"canonical":"https:\/\/www.ddfluor.it\/es\/productos\/","og_locale":"es_ES","og_type":"article","og_title":"Productos - DDF","og_description":"[vc_row full_width=\u00bbstretch_row\u00bb css=\u00bb.vc_custom_1613735832904{background-image: url(http:\/\/ddfluor.it\/wp-content\/uploads\/2021\/02\/cabecera_productos.jpg?id=716) !important;background-position: center !important;background-repeat: no-repeat !important;background-size: cover !important;}\u00bb el_class=\u00bbtitular\u00bb][vc_column][vc_column_text css=\u00bb.vc_custom_1621871533099{margin-bottom: 0px !important;padding-bottom: 20px !important;}\u00bb]Productos[\/vc_column_text][vc_column_text el_class=\u00bbbreadcrumb\u00bb][\/vc_column_text][\/vc_column][\/vc_row][vc_row][vc_column][vc_column_text][\/vc_column_text][\/vc_column][\/vc_row][vc_row gap=\u00bb35&#8243; equal_height=\u00bbyes\u00bb css=\u00bb.vc_custom_1612880198321{padding-top: 100px !important;}\u00bb el_class=\u00bbparrafada productos_textos\u00bb][vc_column width=\u00bb1\/2&#8243;][vc_single_image image=\u00bb129&#8243; img_size=\u00bblarge\u00bb el_id=\u00bbproductos_textos_fuera\u00bb][vc_single_image image=\u00bb130&#8243; img_size=\u00bblarge\u00bb][\/vc_column][vc_column width=\u00bb1\/2&#8243;][vc_column_text] PRODUCTOS En DDF utilizamos tecnolog\u00eda de vanguardia en nuestros procesos productivos, para la fabricaci\u00f3n de una amplia gama de fluoruros inorg\u00e1nicos de alta [&hellip;]","og_url":"https:\/\/www.ddfluor.it\/es\/productos\/","og_site_name":"DDF","article_modified_time":"2021-05-24T15:52:37+00:00","twitter_card":"summary_large_image","twitter_misc":{"Tiempo de lectura":"2 minutos"},"schema":{"@context":"https:\/\/schema.org","@graph":[{"@type":"WebPage","@id":"https:\/\/www.ddfluor.it\/es\/productos\/","url":"https:\/\/www.ddfluor.it\/es\/productos\/","name":"Productos - DDF","isPartOf":{"@id":"https:\/\/www.ddfluor.it\/#website"},"datePublished":"2021-02-16T12:34:13+00:00","dateModified":"2021-05-24T15:52:37+00:00","breadcrumb":{"@id":"https:\/\/www.ddfluor.it\/es\/productos\/#breadcrumb"},"inLanguage":"es","potentialAction":[{"@type":"ReadAction","target":["https:\/\/www.ddfluor.it\/es\/productos\/"]}]},{"@type":"BreadcrumbList","@id":"https:\/\/www.ddfluor.it\/es\/productos\/#breadcrumb","itemListElement":[{"@type":"ListItem","position":1,"name":"Home","item":"http:\/\/www.ddfluor.it\/es\/"},{"@type":"ListItem","position":2,"name":"Productos"}]},{"@type":"WebSite","@id":"https:\/\/www.ddfluor.it\/#website","url":"https:\/\/www.ddfluor.it\/","name":"DDF","description":"Otro sitio realizado con WordPress","potentialAction":[{"@type":"SearchAction","target":{"@type":"EntryPoint","urlTemplate":"https:\/\/www.ddfluor.it\/?s={search_term_string}"},"query-input":{"@type":"PropertyValueSpecification","valueRequired":true,"valueName":"search_term_string"}}],"inLanguage":"es"}]}},"_links":{"self":[{"href":"https:\/\/www.ddfluor.it\/es\/wp-json\/wp\/v2\/pages\/578","targetHints":{"allow":["GET"]}}],"collection":[{"href":"https:\/\/www.ddfluor.it\/es\/wp-json\/wp\/v2\/pages"}],"about":[{"href":"https:\/\/www.ddfluor.it\/es\/wp-json\/wp\/v2\/types\/page"}],"author":[{"embeddable":true,"href":"https:\/\/www.ddfluor.it\/es\/wp-json\/wp\/v2\/users\/1"}],"replies":[{"embeddable":true,"href":"https:\/\/www.ddfluor.it\/es\/wp-json\/wp\/v2\/comments?post=578"}],"version-history":[{"count":18,"href":"https:\/\/www.ddfluor.it\/es\/wp-json\/wp\/v2\/pages\/578\/revisions"}],"predecessor-version":[{"id":1050,"href":"https:\/\/www.ddfluor.it\/es\/wp-json\/wp\/v2\/pages\/578\/revisions\/1050"}],"wp:attachment":[{"href":"https:\/\/www.ddfluor.it\/es\/wp-json\/wp\/v2\/media?parent=578"}],"curies":[{"name":"wp","href":"https:\/\/api.w.org\/{rel}","templated":true}]}}